{"id":3443,"date":"2023-08-08T14:15:35","date_gmt":"2023-08-08T19:15:35","guid":{"rendered":"https:\/\/serenitycounselingbcs.com\/?page_id=3443"},"modified":"2024-01-03T21:49:55","modified_gmt":"2024-01-04T03:49:55","slug":"website-disclaimer","status":"publish","type":"page","link":"https:\/\/serenitycounselingbcs.com\/es\/descargo-de-responsabilidad-del-sitio-web\/","title":{"rendered":"Descargo de responsabilidad del sitio web"},"content":{"rendered":"<div data-elementor-type=\"wp-page\" data-elementor-id=\"3443\" class=\"elementor elementor-3443\" data-elementor-post-type=\"page\">\n\t\t\t\t\t\t<section class=\"elementor-section elementor-top-section elementor-element elementor-element-9b3ada1 elementor-section-boxed elementor-section-height-default elementor-section-height-default\" data-id=\"9b3ada1\" data-element_type=\"section\" data-e-type=\"section\" data-settings=\"{&quot;background_background&quot;:&quot;classic&quot;}\">\n\t\t\t\t\t\t<div class=\"elementor-container elementor-column-gap-default\">\n\t\t\t\t\t<div class=\"elementor-column elementor-col-100 elementor-top-column elementor-element elementor-element-cf58f94\" data-id=\"cf58f94\" data-element_type=\"column\" data-e-type=\"column\">\n\t\t\t<div class=\"elementor-widget-wrap elementor-element-populated\">\n\t\t\t\t\t\t<div class=\"elementor-element elementor-element-1743e63 elementor-widget elementor-widget-heading\" data-id=\"1743e63\" data-element_type=\"widget\" data-e-type=\"widget\" data-widget_type=\"heading.default\">\n\t\t\t\t<div class=\"elementor-widget-container\">\n\t\t\t\t\t<h4 class=\"elementor-heading-title elementor-size-default\">Descargo de responsabilidad del sitio web<\/h4>\t\t\t\t<\/div>\n\t\t\t\t<\/div>\n\t\t\t\t\t<\/div>\n\t\t<\/div>\n\t\t\t\t\t<\/div>\n\t\t<\/section>\n\t\t\t\t<footer class=\"elementor-section elementor-top-section elementor-element elementor-element-751c1e5 elementor-section-content-middle elementor-section-full_width elementor-section-stretched elementor-section-height-default elementor-section-height-default\" data-id=\"751c1e5\" data-element_type=\"section\" data-e-type=\"section\" data-settings=\"{&quot;background_background&quot;:&quot;classic&quot;,&quot;stretch_section&quot;:&quot;section-stretched&quot;}\">\n\t\t\t\t\t\t\t<div class=\"elementor-background-overlay\"><\/div>\n\t\t\t\t\t\t\t<div class=\"elementor-container elementor-column-gap-extended\">\n\t\t\t\t\t<div class=\"elementor-column elementor-col-100 elementor-top-column elementor-element elementor-element-9363186\" data-id=\"9363186\" data-element_type=\"column\" data-e-type=\"column\">\n\t\t\t<div class=\"elementor-widget-wrap elementor-element-populated\">\n\t\t\t\t\t\t<div class=\"elementor-element elementor-element-ea34313 elementor-widget elementor-widget-text-editor\" data-id=\"ea34313\" data-element_type=\"widget\" data-e-type=\"widget\" data-widget_type=\"text-editor.default\">\n\t\t\t\t<div class=\"elementor-widget-container\">\n\t\t\t\t\t\t\t\t\t<p><b style=\"font-size: 14px; background-color: rgba(215, 215, 215, 0);\">\u00daltima actualizaci\u00f3n: 07\/08\/2023<\/b><\/p><p>DESCARGO DE RESPONSABILIDAD<\/p><p>Este sitio web es propiedad y est\u00e1 operado por Serenity Counseling B\/CS (\u201cCompa\u00f1\u00eda\u201d, \u201cnosotros\u201d o \u201cnos\u201d).<\/p><p>Esta exenci\u00f3n de responsabilidad, junto con los T\u00e9rminos y condiciones de uso y la Pol\u00edtica de privacidad, rigen su acceso y uso de\u00a0<a href=\"https:\/\/mendmoderntherapy.com\/\" target=\"_blank\" rel=\"noopener\">https:\/\/<\/a>serenitycounselingbcs.com, incluido cualquier contenido, funcionalidad, productos y servicios ofrecidos en o a trav\u00e9s de\u00a0<a href=\"https:\/\/mendmoderntherapy.com\/\" target=\"_blank\" rel=\"noopener\">https:\/\/<\/a>serenitycounselingbcs.com (el \u201cSitio Web\u201d), ya sea como invitado o usuario registrado.<\/p><p>Lea atentamente la exenci\u00f3n de responsabilidad antes de comenzar a utilizar el sitio web.\u00a0<b>Al utilizar el sitio web, usted acepta estar sujeto y cumplir con la exenci\u00f3n de responsabilidad.<\/b>\u00a0Si no desea aceptar la exenci\u00f3n de responsabilidad, no debe acceder ni utilizar el sitio web.<\/p><p><b>S\u00d3LO PARA FINES EDUCATIVOS E INFORMATIVOS<\/b><\/p><p>La informaci\u00f3n contenida en este sitio web y los recursos, informaci\u00f3n, seminarios web, videos, publicaciones de blog, cursos, descargas y\/o productos disponibles a trav\u00e9s de este sitio web, ya sean gratuitos o de pago (los \u201cRecursos\u201d) tienen fines educativos e informativos \u00fanicamente. . La Empresa no asume ninguna responsabilidad por errores u omisiones en los contenidos del Sitio Web.<\/p><p><b>NO ASESORAMIENTO M\u00c9DICO NI TERAP\u00c9UTICO PROFESIONAL<\/b><\/p><p>La informaci\u00f3n contenida en este sitio web y en los Recursos no pretende ser, ni debe entenderse ni interpretarse como, un consejo profesional ni reemplazar el consejo m\u00e9dico o terap\u00e9utico de un profesional de la salud. Nada de lo contenido en este sitio web se considerar\u00e1, interpretar\u00e1 ni utilizar\u00e1 como sustituto del asesoramiento, diagn\u00f3stico o tratamiento m\u00e9dico o terap\u00e9utico. Cualquier acci\u00f3n tomada en base al contenido de este sitio web o los Recursos queda \u00fanicamente bajo su propia discreci\u00f3n, riesgo y responsabilidad. Si bien los contribuyentes, empleados y\/o propietarios de la Compa\u00f1\u00eda son m\u00e9dicos autorizados y la informaci\u00f3n proporcionada en este sitio web se relaciona con temas dentro del \u00e1rea de especializaci\u00f3n de la Compa\u00f1\u00eda, la informaci\u00f3n contenida en este sitio web no sustituye el asesoramiento de un m\u00e9dico profesional que est\u00e9 consciente de los hechos y circunstancias de su situaci\u00f3n individual.<\/p><p>Hemos hecho todo lo posible para garantizar que la informaci\u00f3n proporcionada en este sitio web y los recursos disponibles para descargar sean precisos y proporcionen informaci\u00f3n valiosa. Independientemente de cualquier disposici\u00f3n en contrario, nada de lo disponible en o a trav\u00e9s de este sitio web debe entenderse como una recomendaci\u00f3n de que no debe consultar con un profesional para abordar su situaci\u00f3n particular. La Compa\u00f1\u00eda recomienda expresamente que busque asesoramiento de un profesional de la salud.<\/p><p>Ni la Compa\u00f1\u00eda ni ninguno de sus empleados o propietarios ser\u00e1n responsables de ning\u00fan error u omisi\u00f3n en este sitio web ni de ning\u00fan da\u00f1o que pueda sufrir como resultado de no buscar asesoramiento competente de un profesional de atenci\u00f3n m\u00e9dica que est\u00e9 familiarizado con su situaci\u00f3n.<\/p><p><b>SIN RELACI\u00d3N CLIENTE\/TERAPEUTA<\/b><\/p><p>Su uso de este sitio web, incluida la implementaci\u00f3n de cualquier sugerencia establecida en este sitio web y\/o el uso de cualquiera de los Recursos, no crea una relaci\u00f3n cliente-terapeuta entre usted y la Compa\u00f1\u00eda o cualquiera de sus profesionales. Usted reconoce y acepta que no hemos creado ninguna relaci\u00f3n cliente-profesional mediante el uso de este sitio web o los Recursos.<span class=\"Apple-converted-space\">\u00a0<\/span><\/p><p><b>SALUD Y ESTADO FISICO<\/b><\/p><p>La informaci\u00f3n contenida en este sitio web y en los Recursos no pretende reemplazar el consejo m\u00e9dico de un profesional de la salud. El ejercicio, la dieta y los asuntos relacionados con la salud var\u00edan de persona a persona. Nada en este sitio web se considerar\u00e1, interpretar\u00e1 ni utilizar\u00e1 como sustituto del consejo, diagn\u00f3stico o tratamiento m\u00e9dico. Cualquier acci\u00f3n tomada en base al contenido de este sitio web o los Recursos queda \u00fanicamente bajo su propia discreci\u00f3n, riesgo y responsabilidad. Siempre debe consultar a los profesionales de la salud adecuados sobre cualquier asunto relacionado con su salud y bienestar antes de proceder con cualquier acci\u00f3n relacionada con cuestiones relacionadas con la salud. La Compa\u00f1\u00eda no asume ninguna responsabilidad por el uso o mal uso de la informaci\u00f3n en este sitio web o en los Recursos.<\/p><p>Nos hemos asegurado de que la informaci\u00f3n proporcionada en este sitio web y en los Recursos sea precisa y proporcione informaci\u00f3n valiosa. Independientemente de cualquier disposici\u00f3n en contrario, nada de lo disponible en o a trav\u00e9s de este sitio web debe entenderse como una recomendaci\u00f3n de que no debe consultar con un profesional para abordar su situaci\u00f3n particular. La Compa\u00f1\u00eda recomienda expresamente que busque asesoramiento de un profesional de la salud.<\/p><p>Ni la Compa\u00f1\u00eda ni ninguno de sus empleados, propietarios o contribuyentes ser\u00e1n responsables de ning\u00fan error u omisi\u00f3n en este sitio web ni de ning\u00fan da\u00f1o que pueda sufrir como resultado de no buscar asesoramiento competente de un profesional de la salud que est\u00e9 familiarizado con su situaci\u00f3n.<\/p><p><b>RESPONSABILIDAD PERSONAL DEL USUARIO<\/b><\/p><p>Al utilizar este sitio web, usted acepta la responsabilidad personal por los resultados de sus acciones. Usted reconoce que su \u00e9xito o fracaso final ser\u00e1 el resultado de sus propios esfuerzos, su situaci\u00f3n particular y otras innumerables circunstancias m\u00e1s all\u00e1 del control y\/o conocimiento de la Compa\u00f1\u00eda. Usted acepta que la Compa\u00f1\u00eda no ha ofrecido ninguna garant\u00eda sobre los resultados de realizar cualquier acci\u00f3n, ya sea recomendada en este sitio web o no. Usted acepta asumir la responsabilidad total por cualquier da\u00f1o que sufra como resultado del uso o no uso de la informaci\u00f3n disponible en este sitio web y en los Recursos. Usted acepta utilizar el criterio y realizar la debida diligencia antes de tomar cualquier acci\u00f3n o implementar cualquier plan o pol\u00edtica sugerida o recomendada en este sitio web o en los Recursos.<span class=\"Apple-converted-space\">\u00a0<\/span><\/p><p>Tambi\u00e9n reconoce que los resultados anteriores no garantizan un resultado similar. Por lo tanto, los resultados obtenidos por otros, ya sean clientes de la Compa\u00f1\u00eda o de otra manera, aplicando los principios establecidos en este sitio web no son garant\u00eda de que usted o cualquier otra persona o entidad pueda obtener resultados similares.<\/p><p><b>SIN GARANT\u00cdAS<\/b><\/p><p>Usted acepta que la Compa\u00f1\u00eda no ha ofrecido ninguna garant\u00eda sobre los resultados de realizar cualquier acci\u00f3n, ya sea recomendada en este sitio web o no. La Compa\u00f1\u00eda proporciona recursos educativos e informativos destinados a ayudar a los usuarios de este sitio web a tener \u00e9xito en la vida, los negocios y otros aspectos. Sin embargo, reconoce que su \u00e9xito o fracaso final ser\u00e1 el resultado de sus propios esfuerzos, su situaci\u00f3n particular y otras innumerables circunstancias m\u00e1s all\u00e1 del control y\/o conocimiento de la Compa\u00f1\u00eda.<\/p><p><b>CONT\u00c1CTENOS<\/b><\/p><p>Agradecemos sus preguntas o comentarios sobre el Descargo de Responsabilidad:<\/p><p>Direcci\u00f3n postal: 1820 Preston Park Blvd, Ste. 2200, Plano TX 75093<\/p><p>Direcci\u00f3n de correo electr\u00f3nico: dxu@serenitycounselingbcs.com<\/p>\t\t\t\t\t\t\t\t<\/div>\n\t\t\t\t<\/div>\n\t\t\t\t<section class=\"elementor-section elementor-inner-section elementor-element elementor-element-68f297c elementor-section-boxed elementor-section-height-default elementor-section-height-default\" data-id=\"68f297c\" data-element_type=\"section\" data-e-type=\"section\">\n\t\t\t\t\t\t<div class=\"elementor-container elementor-column-gap-no\">\n\t\t\t\t\t<div class=\"elementor-column elementor-col-100 elementor-inner-column elementor-element elementor-element-f749696\" data-id=\"f749696\" data-element_type=\"column\" data-e-type=\"column\">\n\t\t\t<div class=\"elementor-widget-wrap elementor-element-populated\">\n\t\t\t\t\t\t<div class=\"elementor-element elementor-element-bfe38c4 e-grid-align-mobile-center elementor-shape-rounded elementor-grid-0 e-grid-align-center elementor-widget elementor-widget-social-icons\" data-id=\"bfe38c4\" data-element_type=\"widget\" data-e-type=\"widget\" data-widget_type=\"social-icons.default\">\n\t\t\t\t<div class=\"elementor-widget-container\">\n\t\t\t\t\t\t\t<div class=\"elementor-social-icons-wrapper elementor-grid\" role=\"list\">\n\t\t\t\t\t\t\t<span class=\"elementor-grid-item\" role=\"listitem\">\n\t\t\t\t\t<a class=\"elementor-icon elementor-social-icon elementor-social-icon-facebook-f elementor-repeater-item-993ef04\" href=\"https:\/\/www.facebook.com\/pages\/category\/Counselor\/Serenity-Counseling-BCS-103061314533665\/\" target=\"_blank\" rel=\"noopener\">\n\t\t\t\t\t\t<span class=\"elementor-screen-only\">facebook-f<\/span>\n\t\t\t\t\t\t<i aria-hidden=\"true\" class=\"fab fa-facebook-f\"><\/i>\t\t\t\t\t<\/a>\n\t\t\t\t<\/span>\n\t\t\t\t\t\t\t<span class=\"elementor-grid-item\" role=\"listitem\">\n\t\t\t\t\t<a class=\"elementor-icon elementor-social-icon elementor-social-icon-linkedin elementor-repeater-item-9c10df7\" href=\"https:\/\/www.linkedin.com\/in\/donna-galvan-53b935185\" target=\"_blank\" rel=\"noopener\">\n\t\t\t\t\t\t<span class=\"elementor-screen-only\">LinkedIn<\/span>\n\t\t\t\t\t\t<i aria-hidden=\"true\" class=\"fab fa-linkedin\"><\/i>\t\t\t\t\t<\/a>\n\t\t\t\t<\/span>\n\t\t\t\t\t<\/div>\n\t\t\t\t\t\t<\/div>\n\t\t\t\t<\/div>\n\t\t\t\t<div class=\"elementor-element elementor-element-71ccce7 elementor-widget elementor-widget-heading\" data-id=\"71ccce7\" data-element_type=\"widget\" data-e-type=\"widget\" data-widget_type=\"heading.default\">\n\t\t\t\t<div class=\"elementor-widget-container\">\n\t\t\t\t\t<h2 class=\"elementor-heading-title elementor-size-default\">CONSEJER\u00cdA EN SERENIDAD<\/h2>\t\t\t\t<\/div>\n\t\t\t\t<\/div>\n\t\t\t\t<div class=\"elementor-element elementor-element-938ec0b elementor-widget elementor-widget-heading\" data-id=\"938ec0b\" data-element_type=\"widget\" data-e-type=\"widget\" data-widget_type=\"heading.default\">\n\t\t\t\t<div class=\"elementor-widget-container\">\n\t\t\t\t\t<h2 class=\"elementor-heading-title elementor-size-default\">Un alivio para el coraz\u00f3n y la mente.<\/h2>\t\t\t\t<\/div>\n\t\t\t\t<\/div>\n\t\t\t\t<div class=\"elementor-element elementor-element-d0903e6 elementor-widget elementor-widget-heading\" data-id=\"d0903e6\" data-element_type=\"widget\" data-e-type=\"widget\" data-widget_type=\"heading.default\">\n\t\t\t\t<div class=\"elementor-widget-container\">\n\t\t\t\t\t<h2 class=\"elementor-heading-title elementor-size-default\"><a href=\"https:\/\/www.google.com\/maps\/place\/1820+Preston+Park+Blvd+ste+2200,+Plano,+TX+75093\/@33.0246371,-96.7901749,17z\/data=!3m1!4b1!4m5!3m4!1s0x864c22541248a8d9:0x565a2da0279ea42a!8m2!3d33.0246371!4d-96.7879862\" target=\"_blank\" rel=\"noopener\">1820 Preston Park Blvd #2200, Oficina 8, Plano TX 75093\n<\/a><\/h2>\t\t\t\t<\/div>\n\t\t\t\t<\/div>\n\t\t\t\t<div class=\"elementor-element elementor-element-b798e5e elementor-widget elementor-widget-heading\" data-id=\"b798e5e\" data-element_type=\"widget\" data-e-type=\"widget\" data-widget_type=\"heading.default\">\n\t\t\t\t<div class=\"elementor-widget-container\">\n\t\t\t\t\t<h2 class=\"elementor-heading-title elementor-size-default\"><a href=\"tel:9797771184\" target=\"_blank\">(979)-777-1184\n\n<\/a><\/h2>\t\t\t\t<\/div>\n\t\t\t\t<\/div>\n\t\t\t\t<div class=\"elementor-element elementor-element-1ef506f elementor-widget elementor-widget-shortcode\" data-id=\"1ef506f\" data-element_type=\"widget\" data-e-type=\"widget\" data-widget_type=\"shortcode.default\">\n\t\t\t\t<div class=\"elementor-widget-container\">\n\t\t\t\t\t\t\t<div class=\"elementor-shortcode\"><!-- Start SimplePractice Booking Widget Embed Code -->\n<style>.spwidget-button-wrapper{text-align: center}.spwidget-button{display: inline-block;padding: 12px 24px;color: #fff !important;background: #214252;border: 0;border-radius: 4px;font-size: 16px;font-weight: 600;text-decoration: none}.spwidget-button:hover{background: #2c576d}.spwidget-button:active{color: rgba(255, 255, 255, .75) !important;box-shadow: 0 1px 3px rgba(0, 0, 0, .15) inset}<\/style>\n<div class=\"spwidget-button-wrapper\"><a href=\"https:\/\/donna-galvan.clientsecure.me\" class=\"spwidget-button\" data-spwidget-scope-id=\"cc988975-050f-4f02-a295-0f92c2962294\" data-spwidget-scope-uri=\"donna-galvan\" data-spwidget-application-id=\"7c72cb9f9a9b913654bb89d6c7b4e71a77911b30192051da35384b4d0c6d505b\" target=\"_blank\" data-spwidget-scope-global data-spwidget-autobind rel=\"noopener\">Solicitar cita<\/a><\/div>\n<!-- End SimplePractice Booking Widget Embed Code --><\/div>\n\t\t\t\t\t\t<\/div>\n\t\t\t\t<\/div>\n\t\t\t\t\t<\/div>\n\t\t<\/div>\n\t\t\t\t\t<\/div>\n\t\t<\/section>\n\t\t\t\t\t<\/div>\n\t\t<\/div>\n\t\t\t\t\t<\/div>\n\t\t<\/footer>\n\t\t\t\t<footer class=\"elementor-section elementor-top-section elementor-element elementor-element-980d4bb elementor-section-height-min-height elementor-section-content-middle elementor-section-boxed elementor-section-height-default elementor-section-items-middle\" data-id=\"980d4bb\" data-element_type=\"section\" data-e-type=\"section\" data-settings=\"{&quot;background_background&quot;:&quot;classic&quot;}\">\n\t\t\t\t\t\t<div class=\"elementor-container elementor-column-gap-no\">\n\t\t\t\t\t<div class=\"elementor-column elementor-col-50 elementor-top-column elementor-element elementor-element-db2137b\" data-id=\"db2137b\" data-element_type=\"column\" data-e-type=\"column\">\n\t\t\t<div class=\"elementor-widget-wrap elementor-element-populated\">\n\t\t\t\t\t\t<div class=\"elementor-element elementor-element-9ee3b7b elementor-widget elementor-widget-heading\" data-id=\"9ee3b7b\" data-element_type=\"widget\" data-e-type=\"widget\" data-widget_type=\"heading.default\">\n\t\t\t\t<div class=\"elementor-widget-container\">\n\t\t\t\t\t<p class=\"elementor-heading-title elementor-size-default\">Consejer\u00eda de serenidad<\/p>\t\t\t\t<\/div>\n\t\t\t\t<\/div>\n\t\t\t\t<div class=\"elementor-element elementor-element-b35089e elementor-widget elementor-widget-heading\" data-id=\"b35089e\" data-element_type=\"widget\" data-e-type=\"widget\" data-widget_type=\"heading.default\">\n\t\t\t\t<div class=\"elementor-widget-container\">\n\t\t\t\t\t<h3 class=\"elementor-heading-title elementor-size-default\">\u00a9 Todos los derechos reservados 2023<\/h3>\t\t\t\t<\/div>\n\t\t\t\t<\/div>\n\t\t\t\t\t<\/div>\n\t\t<\/div>\n\t\t\t\t<div class=\"elementor-column elementor-col-50 elementor-top-column elementor-element elementor-element-0140d05\" data-id=\"0140d05\" data-element_type=\"column\" data-e-type=\"column\">\n\t\t\t<div class=\"elementor-widget-wrap elementor-element-populated\">\n\t\t\t\t\t\t<div class=\"elementor-element elementor-element-972b664 elementor-widget elementor-widget-heading\" data-id=\"972b664\" data-element_type=\"widget\" data-e-type=\"widget\" data-widget_type=\"heading.default\">\n\t\t\t\t<div class=\"elementor-widget-container\">\n\t\t\t\t\t<h3 class=\"elementor-heading-title elementor-size-default\">Consejer\u00eda de serenidad <br>Fabricado por TLX y DPX.<br><span><\/span><\/h3>\t\t\t\t<\/div>\n\t\t\t\t<\/div>\n\t\t\t\t\t<\/div>\n\t\t<\/div>\n\t\t\t\t\t<\/div>\n\t\t<\/footer>\n\t\t\t\t<\/div>","protected":false},"excerpt":{"rendered":"<p>Website Disclaimer Last Updated: 08\/07\/2023 DISCLAIMER This website is owned and operated by Serenity Counseling B\/CS (\u201cCompany,\u201d \u201cwe,\u201d or \u201cus\u201d). This Disclaimer, together with the Terms &amp; Conditions of Use and Privacy Policy, governs your access to and use of\u00a0https:\/\/serenitycounselingbcs.com including any content, functionality, products, and services offered on or through\u00a0https:\/\/serenitycounselingbcs.com\u00a0(the \u201cWebsite\u201d), whether as a [&hellip;]<\/p>\n","protected":false},"author":5,"featured_media":0,"parent":0,"menu_order":0,"comment_status":"closed","ping_status":"closed","template":"","meta":{"ocean_post_layout":"","ocean_both_sidebars_style":"","ocean_both_sidebars_content_width":0,"ocean_both_sidebars_sidebars_width":0,"ocean_sidebar":"0","ocean_second_sidebar":"0","ocean_disable_margins":"enable","ocean_add_body_class":"","ocean_shortcode_before_top_bar":"","ocean_shortcode_after_top_bar":"","ocean_shortcode_before_header":"","ocean_shortcode_after_header":"","ocean_has_shortcode":"","ocean_shortcode_after_title":"","ocean_shortcode_before_footer_widgets":"","ocean_shortcode_after_footer_widgets":"","ocean_shortcode_before_footer_bottom":"","ocean_shortcode_after_footer_bottom":"","ocean_display_top_bar":"default","ocean_display_header":"default","ocean_header_style":"","ocean_center_header_left_menu":"0","ocean_custom_header_template":"0","ocean_custom_logo":0,"ocean_custom_retina_logo":0,"ocean_custom_logo_max_width":0,"ocean_custom_logo_tablet_max_width":0,"ocean_custom_logo_mobile_max_width":0,"ocean_custom_logo_max_height":0,"ocean_custom_logo_tablet_max_height":0,"ocean_custom_logo_mobile_max_height":0,"ocean_header_custom_menu":"0","ocean_menu_typo_font_family":"0","ocean_menu_typo_font_subset":"","ocean_menu_typo_font_size":0,"ocean_menu_typo_font_size_tablet":0,"ocean_menu_typo_font_size_mobile":0,"ocean_menu_typo_font_size_unit":"px","ocean_menu_typo_font_weight":"","ocean_menu_typo_font_weight_tablet":"","ocean_menu_typo_font_weight_mobile":"","ocean_menu_typo_transform":"","ocean_menu_typo_transform_tablet":"","ocean_menu_typo_transform_mobile":"","ocean_menu_typo_line_height":0,"ocean_menu_typo_line_height_tablet":0,"ocean_menu_typo_line_height_mobile":0,"ocean_menu_typo_line_height_unit":"","ocean_menu_typo_spacing":0,"ocean_menu_typo_spacing_tablet":0,"ocean_menu_typo_spacing_mobile":0,"ocean_menu_typo_spacing_unit":"","ocean_menu_link_color":"","ocean_menu_link_color_hover":"","ocean_menu_link_color_active":"","ocean_menu_link_background":"","ocean_menu_link_hover_background":"","ocean_menu_link_active_background":"","ocean_menu_social_links_bg":"","ocean_menu_social_hover_links_bg":"","ocean_menu_social_links_color":"","ocean_menu_social_hover_links_color":"","ocean_disable_title":"default","ocean_disable_heading":"default","ocean_post_title":"","ocean_post_subheading":"","ocean_post_title_style":"","ocean_post_title_background_color":"","ocean_post_title_background":0,"ocean_post_title_bg_image_position":"","ocean_post_title_bg_image_attachment":"","ocean_post_title_bg_image_repeat":"","ocean_post_title_bg_image_size":"","ocean_post_title_height":0,"ocean_post_title_bg_overlay":0.5,"ocean_post_title_bg_overlay_color":"","ocean_disable_breadcrumbs":"default","ocean_breadcrumbs_color":"","ocean_breadcrumbs_separator_color":"","ocean_breadcrumbs_links_color":"","ocean_breadcrumbs_links_hover_color":"","ocean_display_footer_widgets":"default","ocean_display_footer_bottom":"default","ocean_custom_footer_template":"0","footnotes":""},"class_list":["post-3443","page","type-page","status-publish","hentry","entry"],"_links":{"self":[{"href":"https:\/\/serenitycounselingbcs.com\/es\/wp-json\/wp\/v2\/pages\/3443","targetHints":{"allow":["GET"]}}],"collection":[{"href":"https:\/\/serenitycounselingbcs.com\/es\/wp-json\/wp\/v2\/pages"}],"about":[{"href":"https:\/\/serenitycounselingbcs.com\/es\/wp-json\/wp\/v2\/types\/page"}],"author":[{"embeddable":true,"href":"https:\/\/serenitycounselingbcs.com\/es\/wp-json\/wp\/v2\/users\/5"}],"replies":[{"embeddable":true,"href":"https:\/\/serenitycounselingbcs.com\/es\/wp-json\/wp\/v2\/comments?post=3443"}],"version-history":[{"count":5,"href":"https:\/\/serenitycounselingbcs.com\/es\/wp-json\/wp\/v2\/pages\/3443\/revisions"}],"predecessor-version":[{"id":3952,"href":"https:\/\/serenitycounselingbcs.com\/es\/wp-json\/wp\/v2\/pages\/3443\/revisions\/3952"}],"wp:attachment":[{"href":"https:\/\/serenitycounselingbcs.com\/es\/wp-json\/wp\/v2\/media?parent=3443"}],"curies":[{"name":"gracias","href":"https:\/\/api.w.org\/{rel}","templated":true}]}}