{"id":4001,"date":"2023-12-27T22:52:48","date_gmt":"2023-12-28T04:52:48","guid":{"rendered":"https:\/\/serenitycounselingbcs.com\/?page_id=4001"},"modified":"2024-01-03T21:49:47","modified_gmt":"2024-01-04T03:49:47","slug":"therapy-services","status":"publish","type":"page","link":"https:\/\/serenitycounselingbcs.com\/es\/servicios-de-terapia\/","title":{"rendered":"Servicios de terapia"},"content":{"rendered":"<div data-elementor-type=\"wp-page\" data-elementor-id=\"4001\" class=\"elementor elementor-4001\" data-elementor-post-type=\"page\">\n\t\t\t\t<div class=\"elementor-element elementor-element-82b0701 e-flex e-con-boxed e-con e-parent\" data-id=\"82b0701\" data-element_type=\"container\" data-e-type=\"container\">\n\t\t\t\t\t<div class=\"e-con-inner\">\n\t\t\t\t<div class=\"elementor-element elementor-element-ad4efa1 elementor-widget elementor-widget-heading\" data-id=\"ad4efa1\" data-element_type=\"widget\" data-e-type=\"widget\" data-widget_type=\"heading.default\">\n\t\t\t\t<div class=\"elementor-widget-container\">\n\t\t\t\t\t<h1 class=\"elementor-heading-title elementor-size-default\">Nuestros servicios de terapia<\/h1>\t\t\t\t<\/div>\n\t\t\t\t<\/div>\n\t\t\t\t<div class=\"elementor-element elementor-element-38911cf elementor-widget elementor-widget-text-editor\" data-id=\"38911cf\" data-element_type=\"widget\" data-e-type=\"widget\" data-widget_type=\"text-editor.default\">\n\t\t\t\t<div class=\"elementor-widget-container\">\n\t\t\t\t\t\t\t\t\t<p>Bienvenido a Serenity Counseling, un espacio donde la comprensi\u00f3n, la curaci\u00f3n y el crecimiento personal est\u00e1n en el centro de todo lo que hacemos. Nuestros servicios de terapia est\u00e1n dise\u00f1ados para satisfacer las necesidades \u00fanicas de cada individuo, pareja o familia. Ya sea que est\u00e9 buscando apoyo para la ansiedad, afrontando las complejidades de las relaciones o recuper\u00e1ndose de los desaf\u00edos de la vida, estamos aqu\u00ed para brindarle orientaci\u00f3n compasiva y profesional. A continuaci\u00f3n, encontrar\u00e1 una gama de servicios dise\u00f1ados para ayudarle a encontrar equilibrio, resiliencia y alegr\u00eda en su viaje. Exploremos juntos c\u00f3mo podemos apoyar su camino hacia el bienestar.<\/p>\t\t\t\t\t\t\t\t<\/div>\n\t\t\t\t<\/div>\n\t\t\t\t\t<\/div>\n\t\t\t\t<\/div>\n\t\t<div class=\"elementor-element elementor-element-0583415 e-flex e-con-boxed e-con e-parent\" data-id=\"0583415\" data-element_type=\"container\" data-e-type=\"container\">\n\t\t\t\t\t<div class=\"e-con-inner\">\n\t\t<div class=\"elementor-element elementor-element-7d9c698 e-con-full e-flex e-con e-child\" data-id=\"7d9c698\" data-element_type=\"container\" data-e-type=\"container\">\n\t\t\t\t<div class=\"elementor-element elementor-element-b2ea23a elementor-widget elementor-widget-heading\" data-id=\"b2ea23a\" data-element_type=\"widget\" data-e-type=\"widget\" data-widget_type=\"heading.default\">\n\t\t\t\t<div class=\"elementor-widget-container\">\n\t\t\t\t\t<h2 class=\"elementor-heading-title elementor-size-default\"><a href=\"https:\/\/serenitycounselingbcs.com\/es\/therapy-for-anxiety\/\" target=\"_blank\">Terapia de ansiedad<\/a><\/h2>\t\t\t\t<\/div>\n\t\t\t\t<\/div>\n\t\t\t\t<div class=\"elementor-element elementor-element-e6acffc elementor-widget elementor-widget-text-editor\" data-id=\"e6acffc\" data-element_type=\"widget\" data-e-type=\"widget\" data-widget_type=\"text-editor.default\">\n\t\t\t\t<div class=\"elementor-widget-container\">\n\t\t\t\t\t\t\t\t\t<p>Si se siente abrumado por la ansiedad, el estr\u00e9s o la preocupaci\u00f3n constante, sepa que no est\u00e1 solo. Nuestra Terapia de Ansiedad es como una conversaci\u00f3n relajante, donde aprender\u00e1 a comprender qu\u00e9 desencadena su <a href=\"https:\/\/serenitycounselingbcs.com\/es\/mecanismos-de-afrontamiento-de-la-ansiedad\/\" title=\"Mecanismos de afrontamiento de la ansiedad\" target=\"_blank\" rel=\"noopener\">Ansiedad y c\u00f3mo afrontarla.<\/a> con \u00e9l de manera m\u00e1s efectiva. Imag\u00ednese recuperar el control y sentirse m\u00e1s en paz en su vida diaria. Estamos aqu\u00ed para guiarlo y apoyarlo en cada paso del camino.<\/p>\t\t\t\t\t\t\t\t<\/div>\n\t\t\t\t<\/div>\n\t\t\t\t<\/div>\n\t\t<div class=\"elementor-element elementor-element-7c34100 e-con-full e-flex e-con e-child\" data-id=\"7c34100\" data-element_type=\"container\" data-e-type=\"container\">\n\t\t\t\t<div class=\"elementor-element elementor-element-8b4b698 elementor-widget elementor-widget-heading\" data-id=\"8b4b698\" data-element_type=\"widget\" data-e-type=\"widget\" data-widget_type=\"heading.default\">\n\t\t\t\t<div class=\"elementor-widget-container\">\n\t\t\t\t\t<h2 class=\"elementor-heading-title elementor-size-default\"><a href=\"https:\/\/serenitycounselingbcs.com\/es\/therapy-for-depression\/\" target=\"_blank\">Terapia de depresi\u00f3n<\/a><\/h2>\t\t\t\t<\/div>\n\t\t\t\t<\/div>\n\t\t\t\t<div class=\"elementor-element elementor-element-9173b5f elementor-widget elementor-widget-text-editor\" data-id=\"9173b5f\" data-element_type=\"widget\" data-e-type=\"widget\" data-widget_type=\"text-editor.default\">\n\t\t\t\t<div class=\"elementor-widget-container\">\n\t\t\t\t\t\t\t\t\t<p>Lidiar con la depresi\u00f3n puede parecer un viaje solitario, pero estamos aqu\u00ed para caminar a su lado. En nuestra Terapia de Depresi\u00f3n, ofrecemos un espacio c\u00e1lido y comprensivo donde puedes compartir tus sentimientos sin juzgar. Juntos, trabajaremos para encontrar la luz en la oscuridad, reavivar tu motivaci\u00f3n y redescubrir las alegr\u00edas que hacen que valga la pena vivir la vida. No eres s\u00f3lo nuestro cliente; Eres una persona que merece la felicidad y estamos comprometidos a ayudarte a encontrarla.<\/p>\t\t\t\t\t\t\t\t<\/div>\n\t\t\t\t<\/div>\n\t\t\t\t<\/div>\n\t\t\t\t\t<\/div>\n\t\t\t\t<\/div>\n\t\t<div class=\"elementor-element elementor-element-d54cdd2 e-flex e-con-boxed e-con e-parent\" data-id=\"d54cdd2\" data-element_type=\"container\" data-e-type=\"container\">\n\t\t\t\t\t<div class=\"e-con-inner\">\n\t\t<div class=\"elementor-element elementor-element-b2db983 e-con-full e-flex e-con e-child\" data-id=\"b2db983\" data-element_type=\"container\" data-e-type=\"container\">\n\t\t\t\t<div class=\"elementor-element elementor-element-d5846b6 elementor-widget elementor-widget-heading\" data-id=\"d5846b6\" data-element_type=\"widget\" data-e-type=\"widget\" data-widget_type=\"heading.default\">\n\t\t\t\t<div class=\"elementor-widget-container\">\n\t\t\t\t\t<h2 class=\"elementor-heading-title elementor-size-default\"><a href=\"https:\/\/serenitycounselingbcs.com\/es\/therapy-for-couples\/\" target=\"_blank\">Consejer\u00eda para parejas<\/a><\/h2>\t\t\t\t<\/div>\n\t\t\t\t<\/div>\n\t\t\t\t<div class=\"elementor-element elementor-element-4203263 elementor-widget elementor-widget-text-editor\" data-id=\"4203263\" data-element_type=\"widget\" data-e-type=\"widget\" data-widget_type=\"text-editor.default\">\n\t\t\t\t<div class=\"elementor-widget-container\">\n\t\t\t\t\t\t\t\t\t<p>Cada relaci\u00f3n tiene sus altibajos y est\u00e1 completamente bien buscar ayuda. Nuestra Consejer\u00eda de Parejas es como una conversaci\u00f3n enriquecedora entre socios, dirigida a fortalecer el v\u00ednculo que comparten. Ya sea que tenga dificultades con la comunicaci\u00f3n, la intimidad o simplemente necesite un poco de orientaci\u00f3n para volver a conectarse, estamos aqu\u00ed para facilitar la comprensi\u00f3n y el crecimiento. Piense en nosotros como el amigo que apoya su relaci\u00f3n, ayud\u00e1ndole a construir un futuro lleno de amor y comprensi\u00f3n.<\/p>\t\t\t\t\t\t\t\t<\/div>\n\t\t\t\t<\/div>\n\t\t\t\t<\/div>\n\t\t<div class=\"elementor-element elementor-element-93180de e-con-full e-flex e-con e-child\" data-id=\"93180de\" data-element_type=\"container\" data-e-type=\"container\">\n\t\t\t\t<div class=\"elementor-element elementor-element-f922ed7 elementor-widget elementor-widget-heading\" data-id=\"f922ed7\" data-element_type=\"widget\" data-e-type=\"widget\" data-widget_type=\"heading.default\">\n\t\t\t\t<div class=\"elementor-widget-container\">\n\t\t\t\t\t<h2 class=\"elementor-heading-title elementor-size-default\"><a href=\"https:\/\/serenitycounselingbcs.com\/es\/therapy-for-grief\/\" target=\"_blank\">Asesoramiento sobre duelo y p\u00e9rdida<\/a><\/h2>\t\t\t\t<\/div>\n\t\t\t\t<\/div>\n\t\t\t\t<div class=\"elementor-element elementor-element-6343e80 elementor-widget elementor-widget-text-editor\" data-id=\"6343e80\" data-element_type=\"widget\" data-e-type=\"widget\" data-widget_type=\"text-editor.default\">\n\t\t\t\t<div class=\"elementor-widget-container\">\n\t\t\t\t\t\t\t\t\t<p>En tiempos de p\u00e9rdida, el mundo puede resultar incre\u00edblemente aislado, pero no es necesario que usted pase por ello solo. Nuestro asesoramiento sobre duelo y p\u00e9rdida ofrece un o\u00eddo compasivo y un coraz\u00f3n solidario. Entendemos el dolor de la p\u00e9rdida y estamos aqu\u00ed para ayudarlo a expresar sus emociones y encontrar un camino hacia la curaci\u00f3n. Juntos, navegaremos este viaje de duelo, ayud\u00e1ndote a encontrar el camino de regreso a un lugar de paz y aceptaci\u00f3n.<\/p>\t\t\t\t\t\t\t\t<\/div>\n\t\t\t\t<\/div>\n\t\t\t\t<\/div>\n\t\t\t\t\t<\/div>\n\t\t\t\t<\/div>\n\t\t<div class=\"elementor-element elementor-element-21eec09 e-flex e-con-boxed e-con e-parent\" data-id=\"21eec09\" data-element_type=\"container\" data-e-type=\"container\">\n\t\t\t\t\t<div class=\"e-con-inner\">\n\t\t\t\t<div class=\"elementor-element elementor-element-7310c3f elementor-widget elementor-widget-heading\" data-id=\"7310c3f\" data-element_type=\"widget\" data-e-type=\"widget\" data-widget_type=\"heading.default\">\n\t\t\t\t<div class=\"elementor-widget-container\">\n\t\t\t\t\t<h2 class=\"elementor-heading-title elementor-size-default\"><a href=\"https:\/\/serenitycounselingbcs.com\/es\/therapy-for-familial-generational-religious-trauma\/\" target=\"_blank\">Trauma familiar, generacional y religioso<\/a><\/h2>\t\t\t\t<\/div>\n\t\t\t\t<\/div>\n\t\t\t\t<div class=\"elementor-element elementor-element-e139ecd elementor-widget elementor-widget-text-editor\" data-id=\"e139ecd\" data-element_type=\"widget\" data-e-type=\"widget\" data-widget_type=\"text-editor.default\">\n\t\t\t\t<div class=\"elementor-widget-container\">\n\t\t\t\t\t\t\t\t\t<p>Lidiar con el trauma de la familia, las generaciones pasadas o las experiencias religiosas puede ser un gran desaf\u00edo. Nuestra terapia especializada brinda un espacio seguro para que usted explore y se recupere de estas emociones complejas. Es como tener un amigo de confianza que comprende la profundidad de lo que est\u00e1s pasando. Estamos aqu\u00ed para ayudarlo a liberarse del pasado, mejorar sus relaciones y construir una persona m\u00e1s saludable y feliz.<\/p>\t\t\t\t\t\t\t\t<\/div>\n\t\t\t\t<\/div>\n\t\t\t\t\t<\/div>\n\t\t\t\t<\/div>\n\t\t\t\t<\/div>","protected":false},"excerpt":{"rendered":"<p>Our Therapy Services Welcome to Serenity Counseling, a space where understanding, healing, and personal growth are at the heart of everything we do. Our therapy services are tailored to meet the unique needs of each individual, couple, or family. Whether you&#8217;re seeking support for anxiety, navigating the complexities of relationships, or healing from life&#8217;s challenges, [&hellip;]<\/p>\n","protected":false},"author":5,"featured_media":0,"parent":0,"menu_order":0,"comment_status":"closed","ping_status":"closed","template":"","meta":{"ocean_post_layout":"","ocean_both_sidebars_style":"","ocean_both_sidebars_content_width":0,"ocean_both_sidebars_sidebars_width":0,"ocean_sidebar":"0","ocean_second_sidebar":"0","ocean_disable_margins":"enable","ocean_add_body_class":"","ocean_shortcode_before_top_bar":"","ocean_shortcode_after_top_bar":"","ocean_shortcode_before_header":"","ocean_shortcode_after_header":"","ocean_has_shortcode":"","ocean_shortcode_after_title":"","ocean_shortcode_before_footer_widgets":"","ocean_shortcode_after_footer_widgets":"","ocean_shortcode_before_footer_bottom":"","ocean_shortcode_after_footer_bottom":"","ocean_display_top_bar":"default","ocean_display_header":"default","ocean_header_style":"","ocean_center_header_left_menu":"0","ocean_custom_header_template":"0","ocean_custom_logo":0,"ocean_custom_retina_logo":0,"ocean_custom_logo_max_width":0,"ocean_custom_logo_tablet_max_width":0,"ocean_custom_logo_mobile_max_width":0,"ocean_custom_logo_max_height":0,"ocean_custom_logo_tablet_max_height":0,"ocean_custom_logo_mobile_max_height":0,"ocean_header_custom_menu":"0","ocean_menu_typo_font_family":"0","ocean_menu_typo_font_subset":"","ocean_menu_typo_font_size":0,"ocean_menu_typo_font_size_tablet":0,"ocean_menu_typo_font_size_mobile":0,"ocean_menu_typo_font_size_unit":"px","ocean_menu_typo_font_weight":"","ocean_menu_typo_font_weight_tablet":"","ocean_menu_typo_font_weight_mobile":"","ocean_menu_typo_transform":"","ocean_menu_typo_transform_tablet":"","ocean_menu_typo_transform_mobile":"","ocean_menu_typo_line_height":0,"ocean_menu_typo_line_height_tablet":0,"ocean_menu_typo_line_height_mobile":0,"ocean_menu_typo_line_height_unit":"","ocean_menu_typo_spacing":0,"ocean_menu_typo_spacing_tablet":0,"ocean_menu_typo_spacing_mobile":0,"ocean_menu_typo_spacing_unit":"","ocean_menu_link_color":"","ocean_menu_link_color_hover":"","ocean_menu_link_color_active":"","ocean_menu_link_background":"","ocean_menu_link_hover_background":"","ocean_menu_link_active_background":"","ocean_menu_social_links_bg":"","ocean_menu_social_hover_links_bg":"","ocean_menu_social_links_color":"","ocean_menu_social_hover_links_color":"","ocean_disable_title":"default","ocean_disable_heading":"default","ocean_post_title":"","ocean_post_subheading":"","ocean_post_title_style":"","ocean_post_title_background_color":"","ocean_post_title_background":0,"ocean_post_title_bg_image_position":"","ocean_post_title_bg_image_attachment":"","ocean_post_title_bg_image_repeat":"","ocean_post_title_bg_image_size":"","ocean_post_title_height":0,"ocean_post_title_bg_overlay":0.5,"ocean_post_title_bg_overlay_color":"","ocean_disable_breadcrumbs":"default","ocean_breadcrumbs_color":"","ocean_breadcrumbs_separator_color":"","ocean_breadcrumbs_links_color":"","ocean_breadcrumbs_links_hover_color":"","ocean_display_footer_widgets":"default","ocean_display_footer_bottom":"default","ocean_custom_footer_template":"0","footnotes":""},"class_list":["post-4001","page","type-page","status-publish","hentry","entry"],"_links":{"self":[{"href":"https:\/\/serenitycounselingbcs.com\/es\/wp-json\/wp\/v2\/pages\/4001","targetHints":{"allow":["GET"]}}],"collection":[{"href":"https:\/\/serenitycounselingbcs.com\/es\/wp-json\/wp\/v2\/pages"}],"about":[{"href":"https:\/\/serenitycounselingbcs.com\/es\/wp-json\/wp\/v2\/types\/page"}],"author":[{"embeddable":true,"href":"https:\/\/serenitycounselingbcs.com\/es\/wp-json\/wp\/v2\/users\/5"}],"replies":[{"embeddable":true,"href":"https:\/\/serenitycounselingbcs.com\/es\/wp-json\/wp\/v2\/comments?post=4001"}],"version-history":[{"count":5,"href":"https:\/\/serenitycounselingbcs.com\/es\/wp-json\/wp\/v2\/pages\/4001\/revisions"}],"predecessor-version":[{"id":4296,"href":"https:\/\/serenitycounselingbcs.com\/es\/wp-json\/wp\/v2\/pages\/4001\/revisions\/4296"}],"wp:attachment":[{"href":"https:\/\/serenitycounselingbcs.com\/es\/wp-json\/wp\/v2\/media?parent=4001"}],"curies":[{"name":"gracias","href":"https:\/\/api.w.org\/{rel}","templated":true}]}}